{"id":2785,"date":"2024-11-11T20:44:47","date_gmt":"2024-11-12T02:44:47","guid":{"rendered":"https:\/\/hipstah.com.mx\/inventadas\/?post_type=product&#038;p=2785"},"modified":"2024-11-11T20:45:40","modified_gmt":"2024-11-12T02:45:40","slug":"sueter-navideno","status":"publish","type":"product","link":"https:\/\/hipstah.com.mx\/inventadas\/producto\/sueter-navideno\/","title":{"rendered":"Su\u00e9ter navide\u00f1o"},"content":{"rendered":"<p>\u00a1Dale un toque extra de chispa a tus fiestas con el su\u00e9ter navide\u00f1o de <em>Inventadas<\/em>! \ud83c\udf84\u2728 Celebra la temporada con estilo y mucho humor en este su\u00e9ter dise\u00f1ado para sacar sonrisas y robar miradas. Perfecto para cualquier reuni\u00f3n festiva, combina lo mejor de la Navidad y el &#8220;chisme&#8221; con un dise\u00f1o que har\u00e1 que todos hablen. \u00a1Atr\u00e9vete a ser el alma de la fiesta y muestra tu esp\u00edritu navide\u00f1o con mucho saz\u00f3n! \ud83c\udf85\ud83c\udffd\ud83d\udd14<\/p>\n","protected":false},"excerpt":{"rendered":"<p>\u00a1Dale un toque extra de chispa a tus fiestas con el su\u00e9ter navide\u00f1o de Inventadas! \ud83c\udf84\u2728 Celebra la temporada con estilo y mucho humor en este su\u00e9ter dise\u00f1ado para sacar sonrisas y robar miradas. Perfecto para cualquier reuni\u00f3n festiva, combina lo mejor de la Navidad y el &#8220;chisme&#8221; con un dise\u00f1o que har\u00e1 que todos [&hellip;]<\/p>\n","protected":false},"featured_media":2786,"comment_status":"open","ping_status":"closed","template":"","meta":[],"product_cat":[69],"product_tag":[],"class_list":{"0":"post-2785","1":"product","2":"type-product","3":"status-publish","4":"has-post-thumbnail","6":"product_cat-sueter","7":"pa_talla-ch","8":"pa_talla-m","9":"pa_talla-g","10":"pa_talla-xg","12":"first","13":"instock","14":"shipping-taxable","15":"purchasable","16":"product-type-variable","17":"wvs-archive-product-wrapper","18":"add-to-wishlist-after_add_to_cart"},"_links":{"self":[{"href":"https:\/\/hipstah.com.mx\/inventadas\/wp-json\/wp\/v2\/product\/2785","targetHints":{"allow":["GET"]}}],"collection":[{"href":"https:\/\/hipstah.com.mx\/inventadas\/wp-json\/wp\/v2\/product"}],"about":[{"href":"https:\/\/hipstah.com.mx\/inventadas\/wp-json\/wp\/v2\/types\/product"}],"replies":[{"embeddable":true,"href":"https:\/\/hipstah.com.mx\/inventadas\/wp-json\/wp\/v2\/comments?post=2785"}],"version-history":[{"count":1,"href":"https:\/\/hipstah.com.mx\/inventadas\/wp-json\/wp\/v2\/product\/2785\/revisions"}],"predecessor-version":[{"id":2792,"href":"https:\/\/hipstah.com.mx\/inventadas\/wp-json\/wp\/v2\/product\/2785\/revisions\/2792"}],"wp:featuredmedia":[{"embeddable":true,"href":"https:\/\/hipstah.com.mx\/inventadas\/wp-json\/wp\/v2\/media\/2786"}],"wp:attachment":[{"href":"https:\/\/hipstah.com.mx\/inventadas\/wp-json\/wp\/v2\/media?parent=2785"}],"wp:term":[{"taxonomy":"product_cat","embeddable":true,"href":"https:\/\/hipstah.com.mx\/inventadas\/wp-json\/wp\/v2\/product_cat?post=2785"},{"taxonomy":"product_tag","embeddable":true,"href":"https:\/\/hipstah.com.mx\/inventadas\/wp-json\/wp\/v2\/product_tag?post=2785"}],"curies":[{"name":"wp","href":"https:\/\/api.w.org\/{rel}","templated":true}]}}