{"id":57,"date":"2024-06-29T17:38:47","date_gmt":"2024-06-29T23:38:47","guid":{"rendered":"https:\/\/hipstah.com.mx\/turbulenceyburritaburrona\/carrito\/"},"modified":"2024-07-03T21:56:52","modified_gmt":"2024-07-04T03:56:52","slug":"carrito","status":"publish","type":"page","link":"https:\/\/hipstah.com.mx\/turbulenceyburritaburrona\/carrito\/","title":{"rendered":"Carrito"},"content":{"rendered":"\t\t<div data-elementor-type=\"wp-page\" data-elementor-id=\"57\" class=\"elementor elementor-57\" data-elementor-post-type=\"page\">\n\t\t\t\t<div class=\"elementor-element elementor-element-f742d9f e-flex e-con-boxed e-con e-parent\" data-id=\"f742d9f\" data-element_type=\"container\" data-settings=\"{&quot;background_background&quot;:&quot;classic&quot;}\">\n\t\t\t\t\t<div class=\"e-con-inner\">\n\t\t\t\t\t<\/div>\n\t\t\t\t<\/div>\n\t\t<div class=\"elementor-element elementor-element-256b186 e-flex e-con-boxed e-con e-parent\" data-id=\"256b186\" data-element_type=\"container\">\n\t\t\t\t\t<div class=\"e-con-inner\">\n\t\t\t\t\t<\/div>\n\t\t\t\t<\/div>\n\t\t\t\t<\/div>\n\t\t","protected":false},"excerpt":{"rendered":"<p>Eliminar art\u00edculo Imagen en miniatura Producto Precio Cantidad Subtotal &times; Bikini Stealth Bottom &#8211; M &#36;249.99 Bikini Stealth Bottom &#8211; M cantidad &#36;249.99 Actualizaci\u00f3n de la compra APLICAR CUP\u00d3N TOTAL DE COMPRA Subtotal &#36;249.99 Env\u00edo Precio fijo: &#36;120.00 Recoger en Local Enviar a Veracruz. Cambiar direcci\u00f3n Pa\u00eds \/ regi\u00f3n: Selecciona un pa\u00eds\/regi\u00f3n&hellip;M\u00e9xico Estado \/ Pa\u00eds: [&hellip;]<\/p>\n","protected":false},"author":1,"featured_media":0,"parent":0,"menu_order":0,"comment_status":"closed","ping_status":"closed","template":"elementor_header_footer","meta":{"footnotes":""},"class_list":["post-57","page","type-page","status-publish","hentry"],"_links":{"self":[{"href":"https:\/\/hipstah.com.mx\/turbulenceyburritaburrona\/wp-json\/wp\/v2\/pages\/57","targetHints":{"allow":["GET"]}}],"collection":[{"href":"https:\/\/hipstah.com.mx\/turbulenceyburritaburrona\/wp-json\/wp\/v2\/pages"}],"about":[{"href":"https:\/\/hipstah.com.mx\/turbulenceyburritaburrona\/wp-json\/wp\/v2\/types\/page"}],"author":[{"embeddable":true,"href":"https:\/\/hipstah.com.mx\/turbulenceyburritaburrona\/wp-json\/wp\/v2\/users\/1"}],"replies":[{"embeddable":true,"href":"https:\/\/hipstah.com.mx\/turbulenceyburritaburrona\/wp-json\/wp\/v2\/comments?post=57"}],"version-history":[{"count":21,"href":"https:\/\/hipstah.com.mx\/turbulenceyburritaburrona\/wp-json\/wp\/v2\/pages\/57\/revisions"}],"predecessor-version":[{"id":528,"href":"https:\/\/hipstah.com.mx\/turbulenceyburritaburrona\/wp-json\/wp\/v2\/pages\/57\/revisions\/528"}],"wp:attachment":[{"href":"https:\/\/hipstah.com.mx\/turbulenceyburritaburrona\/wp-json\/wp\/v2\/media?parent=57"}],"curies":[{"name":"wp","href":"https:\/\/api.w.org\/{rel}","templated":true}]}}