{"id":59,"date":"2024-06-29T17:38:47","date_gmt":"2024-06-29T23:38:47","guid":{"rendered":"https:\/\/hipstah.com.mx\/turbulenceyburritaburrona\/mi-cuenta\/"},"modified":"2024-07-07T22:16:45","modified_gmt":"2024-07-08T04:16:45","slug":"mi-cuenta","status":"publish","type":"page","link":"https:\/\/hipstah.com.mx\/turbulenceyburritaburrona\/mi-cuenta\/","title":{"rendered":"Mi cuenta"},"content":{"rendered":"\t\t<div data-elementor-type=\"wp-page\" data-elementor-id=\"59\" class=\"elementor elementor-59\" data-elementor-post-type=\"page\">\n\t\t\t\t<div class=\"elementor-element elementor-element-efa2ec3 e-flex e-con-boxed e-con e-parent\" data-id=\"efa2ec3\" data-element_type=\"container\" data-settings=\"{&quot;background_background&quot;:&quot;classic&quot;}\">\n\t\t\t\t\t<div class=\"e-con-inner\">\n\t\t<div class=\"elementor-element elementor-element-74d4f2a e-con-full e-flex e-con e-child\" data-id=\"74d4f2a\" data-element_type=\"container\">\n\t\t\t\t<div class=\"elementor-element elementor-element-6d36d1b elementor-widget elementor-widget-image\" data-id=\"6d36d1b\" data-element_type=\"widget\" data-widget_type=\"image.default\">\n\t\t\t\t<div class=\"elementor-widget-container\">\n\t\t\t\t\t\t\t\t\t\t\t\t\t<img fetchpriority=\"high\" decoding=\"async\" width=\"800\" height=\"800\" src=\"https:\/\/hipstah.com.mx\/turbulenceyburritaburrona\/wp-content\/uploads\/2024\/07\/profile.png\" class=\"attachment-large size-large wp-image-460 wvs-archive-product-image\" alt=\"\" srcset=\"https:\/\/hipstah.com.mx\/turbulenceyburritaburrona\/wp-content\/uploads\/2024\/07\/profile.png 1000w, https:\/\/hipstah.com.mx\/turbulenceyburritaburrona\/wp-content\/uploads\/2024\/07\/profile-800x800.png 800w, https:\/\/hipstah.com.mx\/turbulenceyburritaburrona\/wp-content\/uploads\/2024\/07\/profile-100x100.png 100w, https:\/\/hipstah.com.mx\/turbulenceyburritaburrona\/wp-content\/uploads\/2024\/07\/profile-300x300.png 300w, https:\/\/hipstah.com.mx\/turbulenceyburritaburrona\/wp-content\/uploads\/2024\/07\/profile-150x150.png 150w, https:\/\/hipstah.com.mx\/turbulenceyburritaburrona\/wp-content\/uploads\/2024\/07\/profile-768x768.png 768w, https:\/\/hipstah.com.mx\/turbulenceyburritaburrona\/wp-content\/uploads\/2024\/07\/profile-50x50.png 50w\" sizes=\"(max-width: 800px) 100vw, 800px\" \/>\t\t\t\t\t\t\t\t\t\t\t\t\t<\/div>\n\t\t\t\t<\/div>\n\t\t\t\t<\/div>\n\t\t<div class=\"elementor-element elementor-element-a385347 e-con-full e-flex e-con e-child\" data-id=\"a385347\" data-element_type=\"container\">\n\t\t<div class=\"elementor-element elementor-element-92fb808 e-con-full e-flex e-con e-child\" data-id=\"92fb808\" data-element_type=\"container\">\n\t\t\t\t<div class=\"elementor-element elementor-element-b2e6217 elementor-hidden-mobile elementor-widget elementor-widget-spacer\" data-id=\"b2e6217\" data-element_type=\"widget\" data-widget_type=\"spacer.default\">\n\t\t\t\t<div class=\"elementor-widget-container\">\n\t\t\t\t\t<div class=\"elementor-spacer\">\n\t\t\t<div class=\"elementor-spacer-inner\"><\/div>\n\t\t<\/div>\n\t\t\t\t<\/div>\n\t\t\t\t<\/div>\n\t\t\t\t<div class=\"elementor-element elementor-element-62809e6 elementor-widget elementor-widget-heading\" data-id=\"62809e6\" data-element_type=\"widget\" data-widget_type=\"heading.default\">\n\t\t\t\t<div class=\"elementor-widget-container\">\n\t\t\t<h2 class=\"elementor-heading-title elementor-size-default\">MI CUENTA:<\/h2>\t\t<\/div>\n\t\t\t\t<\/div>\n\t\t\t\t<\/div>\n\t\t<div class=\"elementor-element elementor-element-6ffeceb e-con-full e-flex e-con e-child\" data-id=\"6ffeceb\" data-element_type=\"container\">\n\t\t\t\t<\/div>\n\t\t<div class=\"elementor-element elementor-element-1bdf14b e-con-full e-flex e-con e-child\" data-id=\"1bdf14b\" data-element_type=\"container\">\n\t\t\t\t<div class=\"elementor-element elementor-element-bd64031 elementor-widget-divider--view-line elementor-widget elementor-widget-divider\" data-id=\"bd64031\" data-element_type=\"widget\" data-widget_type=\"divider.default\">\n\t\t\t\t<div class=\"elementor-widget-container\">\n\t\t\t\t\t<div class=\"elementor-divider\">\n\t\t\t<span class=\"elementor-divider-separator\">\n\t\t\t\t\t\t<\/span>\n\t\t<\/div>\n\t\t\t\t<\/div>\n\t\t\t\t<\/div>\n\t\t<!-- dce invisible element 408fe43 -->\t\t<\/div>\n\t\t\t\t<\/div>\n\t\t\t\t\t<\/div>\n\t\t\t\t<\/div>\n\t\t<div class=\"elementor-element elementor-element-5b0b51e e-flex e-con-boxed e-con e-parent\" data-id=\"5b0b51e\" data-element_type=\"container\">\n\t\t\t\t\t<div class=\"e-con-inner\">\n\t\t\t\t<div class=\"elementor-element elementor-element-d88729a e-my-account-tabs-vertical elementor-widget elementor-widget-woocommerce-my-account\" data-id=\"d88729a\" data-element_type=\"widget\" data-settings=\"{&quot;forms_buttons_hover_animation&quot;:&quot;shrink&quot;}\" data-widget_type=\"woocommerce-my-account.default\">\n\t\t\t\t<div class=\"elementor-widget-container\">\n\t\t\t<div class=\"e-my-account-tab e-my-account-tab__ \">\t\t\t<div class=\"woocommerce\"><\/div>\t\t<\/div>\n\t\t\t\t<\/div>\n\t\t\t\t<\/div>\n\t\t\t\t\t<\/div>\n\t\t\t\t<\/div>\n\t\t\t\t<\/div>\n\t\t","protected":false},"excerpt":{"rendered":"<p>MI CUENTA: PANEL ORDENES DESCARGAS DIRECCIONES DATOS DE CUENTA CERRA SESI\u00d3N Borrar Cuenta Hola Daniel Casta\u00f1eda (\u00bfno eres Daniel Casta\u00f1eda? Cerrar sesi\u00f3n) Desde el panel de control de tu cuenta puedes ver tus pedidos recientes, gestionar tus direcciones de env\u00edo y facturaci\u00f3n y editar tu contrase\u00f1a y los detalles de tu cuenta.<\/p>\n","protected":false},"author":1,"featured_media":0,"parent":0,"menu_order":0,"comment_status":"closed","ping_status":"closed","template":"elementor_header_footer","meta":{"footnotes":""},"class_list":["post-59","page","type-page","status-publish","hentry"],"_links":{"self":[{"href":"https:\/\/hipstah.com.mx\/turbulenceyburritaburrona\/wp-json\/wp\/v2\/pages\/59","targetHints":{"allow":["GET"]}}],"collection":[{"href":"https:\/\/hipstah.com.mx\/turbulenceyburritaburrona\/wp-json\/wp\/v2\/pages"}],"about":[{"href":"https:\/\/hipstah.com.mx\/turbulenceyburritaburrona\/wp-json\/wp\/v2\/types\/page"}],"author":[{"embeddable":true,"href":"https:\/\/hipstah.com.mx\/turbulenceyburritaburrona\/wp-json\/wp\/v2\/users\/1"}],"replies":[{"embeddable":true,"href":"https:\/\/hipstah.com.mx\/turbulenceyburritaburrona\/wp-json\/wp\/v2\/comments?post=59"}],"version-history":[{"count":81,"href":"https:\/\/hipstah.com.mx\/turbulenceyburritaburrona\/wp-json\/wp\/v2\/pages\/59\/revisions"}],"predecessor-version":[{"id":1023,"href":"https:\/\/hipstah.com.mx\/turbulenceyburritaburrona\/wp-json\/wp\/v2\/pages\/59\/revisions\/1023"}],"wp:attachment":[{"href":"https:\/\/hipstah.com.mx\/turbulenceyburritaburrona\/wp-json\/wp\/v2\/media?parent=59"}],"curies":[{"name":"wp","href":"https:\/\/api.w.org\/{rel}","templated":true}]}}