{"id":853,"date":"2024-07-07T00:53:12","date_gmt":"2024-07-07T06:53:12","guid":{"rendered":"https:\/\/hipstah.com.mx\/turbulenceyburritaburrona\/?page_id=853"},"modified":"2024-07-07T01:10:29","modified_gmt":"2024-07-07T07:10:29","slug":"politica-de-devoluciones","status":"publish","type":"page","link":"https:\/\/hipstah.com.mx\/turbulenceyburritaburrona\/politica-de-devoluciones\/","title":{"rendered":"POLITICA DE DEVOLUCIONES"},"content":{"rendered":"\t\t<div data-elementor-type=\"wp-page\" data-elementor-id=\"853\" class=\"elementor elementor-853\" data-elementor-post-type=\"page\">\n\t\t\t\t<div class=\"elementor-element elementor-element-31460fd e-flex e-con-boxed e-con e-parent\" data-id=\"31460fd\" data-element_type=\"container\">\n\t\t\t\t\t<div class=\"e-con-inner\">\n\t\t\t\t<div class=\"elementor-element elementor-element-de29841 elementor-widget elementor-widget-image\" data-id=\"de29841\" data-element_type=\"widget\" data-widget_type=\"image.default\">\n\t\t\t\t<div class=\"elementor-widget-container\">\n\t\t\t\t\t\t\t\t\t\t\t\t\t<img fetchpriority=\"high\" decoding=\"async\" width=\"700\" height=\"102\" src=\"https:\/\/hipstah.com.mx\/turbulenceyburritaburrona\/wp-content\/uploads\/2024\/07\/Recurso-7.png\" class=\"attachment-large size-large wp-image-234 wvs-archive-product-image\" alt=\"\" srcset=\"https:\/\/hipstah.com.mx\/turbulenceyburritaburrona\/wp-content\/uploads\/2024\/07\/Recurso-7.png 700w, https:\/\/hipstah.com.mx\/turbulenceyburritaburrona\/wp-content\/uploads\/2024\/07\/Recurso-7-470x68.png 470w, https:\/\/hipstah.com.mx\/turbulenceyburritaburrona\/wp-content\/uploads\/2024\/07\/Recurso-7-300x44.png 300w\" sizes=\"(max-width: 700px) 100vw, 700px\" \/>\t\t\t\t\t\t\t\t\t\t\t\t\t<\/div>\n\t\t\t\t<\/div>\n\t\t\t\t\t<\/div>\n\t\t\t\t<\/div>\n\t\t<div class=\"elementor-element elementor-element-fcef0af e-flex e-con-boxed e-con e-parent\" data-id=\"fcef0af\" data-element_type=\"container\">\n\t\t\t\t\t<div class=\"e-con-inner\">\n\t\t\t\t<div class=\"elementor-element elementor-element-6ee3bf9 elementor-widget-divider--view-line elementor-widget elementor-widget-divider\" data-id=\"6ee3bf9\" data-element_type=\"widget\" data-widget_type=\"divider.default\">\n\t\t\t\t<div class=\"elementor-widget-container\">\n\t\t\t\t\t<div class=\"elementor-divider\">\n\t\t\t<span class=\"elementor-divider-separator\">\n\t\t\t\t\t\t<\/span>\n\t\t<\/div>\n\t\t\t\t<\/div>\n\t\t\t\t<\/div>\n\t\t\t\t<div class=\"elementor-element elementor-element-bc2efe5 elementor-widget elementor-widget-text-editor\" data-id=\"bc2efe5\" data-element_type=\"widget\" data-widget_type=\"text-editor.default\">\n\t\t\t\t<div class=\"elementor-widget-container\">\n\t\t\t\t\t\t\t<h3>Pol\u00edtica de Devoluciones de HIPSTAH<\/h3><p>En HIPSTAH, nos esforzamos por garantizar la satisfacci\u00f3n total de nuestros clientes con cada compra. Si por alguna raz\u00f3n no est\u00e1 completamente satisfecho con su pedido, por favor revise nuestra pol\u00edtica de devoluciones a continuaci\u00f3n.<\/p><h4>Descripci\u00f3n General<\/h4><p>Nuestra pol\u00edtica de devoluciones tiene una duraci\u00f3n de 15 d\u00edas. Si han pasado 15 d\u00edas desde la fecha de su compra, lamentablemente no podemos ofrecerle un reembolso completo o cambio.<\/p><p>Para ser elegible para una devoluci\u00f3n, su art\u00edculo debe estar sin usar y en las mismas condiciones en que lo recibi\u00f3. Tambi\u00e9n debe estar en su empaque original.<\/p><p><strong>Art\u00edculos no retornables:<\/strong><\/p><ul><li>Ropa interior (a menos que est\u00e9 como nueva y sin usar)<\/li><li>Tarjetas de regalo<\/li><li>Productos de software descargables<\/li><li>Algunos art\u00edculos de salud y cuidado personal<\/li><\/ul><p>Para completar su devoluci\u00f3n, requerimos un recibo o comprobante de compra.<\/p><p><strong>Por favor, no env\u00ede su compra de vuelta al fabricante.<\/strong><\/p><h4>Reembolsos<\/h4><p>Una vez que su devoluci\u00f3n sea recibida e inspeccionada, le enviaremos un correo electr\u00f3nico para notificarle que hemos recibido su art\u00edculo devuelto. Tambi\u00e9n le notificaremos la aprobaci\u00f3n o rechazo de su reembolso.<\/p><p>Si es aprobado, entonces su reembolso ser\u00e1 procesado y un cr\u00e9dito ser\u00e1 aplicado autom\u00e1ticamente a su tarjeta de cr\u00e9dito o m\u00e9todo original de pago, en un n\u00famero determinado de d\u00edas.<\/p><p><strong>Reembolsos tard\u00edos o faltantes:<\/strong><\/p><ul><li>Si a\u00fan no ha recibido un reembolso, primero verifique su cuenta bancaria nuevamente.<\/li><li>Luego contacte a su compa\u00f1\u00eda de tarjeta de cr\u00e9dito; puede tomar alg\u00fan tiempo antes de que su reembolso sea oficialmente publicado.<\/li><li>A continuaci\u00f3n, contacte a su banco. A menudo hay alg\u00fan tiempo de procesamiento antes de que se publique un reembolso.<\/li><li>Si ha hecho todo esto y a\u00fan no ha recibido su reembolso, por favor cont\u00e1ctenos en {email address}.<\/li><\/ul><h4>Art\u00edculos en oferta<\/h4><p>Solo los art\u00edculos a precio regular pueden ser reembolsados. Los art\u00edculos en oferta no pueden ser reembolsados.<\/p><h4>Cambios<\/h4><p>Solo reemplazamos art\u00edculos si est\u00e1n defectuosos o da\u00f1ados. Si necesita cambiarlo por el mismo art\u00edculo, env\u00edenos un correo electr\u00f3nico a <em><strong>contacto@hipstah.com.mx<\/strong><\/em> y env\u00ede su art\u00edculo a: <em><strong>Av. 20 de Noviembre 533, Los \u00c1ngeles, 91040 Xalapa-Enr\u00edquez, Ver.<\/strong><\/em><\/p><h4>Env\u00edo de Devoluciones<\/h4><p>Para devolver su producto, debe enviarlo por correo a: <em><span style=\"text-decoration: underline;\"><strong>Av. 20 de Noviembre 533, Los \u00c1ngeles, 91040 Xalapa-Enr\u00edquez, Ver.<\/strong><\/span><\/em><\/p><p>Usted ser\u00e1 responsable de pagar por sus propios costos de env\u00edo para devolver su art\u00edculo. Los costos de env\u00edo no son reembolsables. Si recibe un reembolso, el costo del env\u00edo de devoluci\u00f3n ser\u00e1 deducido de su reembolso.<\/p><p>Dependiendo de d\u00f3nde viva, el tiempo que puede tardar en recibir su producto intercambiado puede variar.<\/p><p>Si est\u00e1 devolviendo art\u00edculos m\u00e1s caros, puede considerar usar un servicio de env\u00edo rastreable o comprar un seguro de env\u00edo. No garantizamos que recibiremos su art\u00edculo devuelto.<\/p><h4>\u00bfNecesita ayuda?<\/h4><p>Cont\u00e1ctenos en <em><strong>contacto@hipstah.com.mx<\/strong><\/em> para preguntas relacionadas con reembolsos y devoluciones.<\/p><p><strong>\u00daltima actualizaci\u00f3n:<\/strong> 7 de Julio del 2024<\/p>\t\t\t\t\t\t<\/div>\n\t\t\t\t<\/div>\n\t\t\t\t\t<\/div>\n\t\t\t\t<\/div>\n\t\t\t\t<\/div>\n\t\t","protected":false},"excerpt":{"rendered":"<p>Pol\u00edtica de Devoluciones de HIPSTAH En HIPSTAH, nos esforzamos por garantizar la satisfacci\u00f3n total de nuestros clientes con cada compra. Si por alguna raz\u00f3n no est\u00e1 completamente satisfecho con su pedido, por favor revise nuestra pol\u00edtica de devoluciones a continuaci\u00f3n. Descripci\u00f3n General Nuestra pol\u00edtica de devoluciones tiene una duraci\u00f3n de 15 d\u00edas. Si han pasado [&hellip;]<\/p>\n","protected":false},"author":2,"featured_media":0,"parent":0,"menu_order":0,"comment_status":"closed","ping_status":"closed","template":"elementor_header_footer","meta":{"footnotes":""},"class_list":["post-853","page","type-page","status-publish","hentry"],"_links":{"self":[{"href":"https:\/\/hipstah.com.mx\/turbulenceyburritaburrona\/wp-json\/wp\/v2\/pages\/853","targetHints":{"allow":["GET"]}}],"collection":[{"href":"https:\/\/hipstah.com.mx\/turbulenceyburritaburrona\/wp-json\/wp\/v2\/pages"}],"about":[{"href":"https:\/\/hipstah.com.mx\/turbulenceyburritaburrona\/wp-json\/wp\/v2\/types\/page"}],"author":[{"embeddable":true,"href":"https:\/\/hipstah.com.mx\/turbulenceyburritaburrona\/wp-json\/wp\/v2\/users\/2"}],"replies":[{"embeddable":true,"href":"https:\/\/hipstah.com.mx\/turbulenceyburritaburrona\/wp-json\/wp\/v2\/comments?post=853"}],"version-history":[{"count":7,"href":"https:\/\/hipstah.com.mx\/turbulenceyburritaburrona\/wp-json\/wp\/v2\/pages\/853\/revisions"}],"predecessor-version":[{"id":883,"href":"https:\/\/hipstah.com.mx\/turbulenceyburritaburrona\/wp-json\/wp\/v2\/pages\/853\/revisions\/883"}],"wp:attachment":[{"href":"https:\/\/hipstah.com.mx\/turbulenceyburritaburrona\/wp-json\/wp\/v2\/media?parent=853"}],"curies":[{"name":"wp","href":"https:\/\/api.w.org\/{rel}","templated":true}]}}