{"id":861,"date":"2024-07-07T00:54:41","date_gmt":"2024-07-07T06:54:41","guid":{"rendered":"https:\/\/hipstah.com.mx\/turbulenceyburritaburrona\/?page_id=861"},"modified":"2024-07-07T22:02:11","modified_gmt":"2024-07-08T04:02:11","slug":"politicas-y-condiciones","status":"publish","type":"page","link":"https:\/\/hipstah.com.mx\/turbulenceyburritaburrona\/politicas-y-condiciones\/","title":{"rendered":"POLITICAS Y CONDICIONES"},"content":{"rendered":"\t\t<div data-elementor-type=\"wp-page\" data-elementor-id=\"861\" class=\"elementor elementor-861\" data-elementor-post-type=\"page\">\n\t\t\t\t<div class=\"elementor-element elementor-element-f9fe19b e-flex e-con-boxed e-con e-parent\" data-id=\"f9fe19b\" data-element_type=\"container\">\n\t\t\t\t\t<div class=\"e-con-inner\">\n\t\t\t\t<div class=\"elementor-element elementor-element-2ed1096 elementor-widget elementor-widget-image\" data-id=\"2ed1096\" data-element_type=\"widget\" data-widget_type=\"image.default\">\n\t\t\t\t<div class=\"elementor-widget-container\">\n\t\t\t\t\t\t\t\t\t\t\t\t\t<img fetchpriority=\"high\" decoding=\"async\" width=\"700\" height=\"102\" src=\"https:\/\/hipstah.com.mx\/turbulenceyburritaburrona\/wp-content\/uploads\/2024\/07\/Recurso-7.png\" class=\"attachment-large size-large wp-image-234 wvs-archive-product-image\" alt=\"\" srcset=\"https:\/\/hipstah.com.mx\/turbulenceyburritaburrona\/wp-content\/uploads\/2024\/07\/Recurso-7.png 700w, https:\/\/hipstah.com.mx\/turbulenceyburritaburrona\/wp-content\/uploads\/2024\/07\/Recurso-7-470x68.png 470w, https:\/\/hipstah.com.mx\/turbulenceyburritaburrona\/wp-content\/uploads\/2024\/07\/Recurso-7-300x44.png 300w\" sizes=\"(max-width: 700px) 100vw, 700px\" \/>\t\t\t\t\t\t\t\t\t\t\t\t\t<\/div>\n\t\t\t\t<\/div>\n\t\t\t\t\t<\/div>\n\t\t\t\t<\/div>\n\t\t<div class=\"elementor-element elementor-element-0bd3727 e-flex e-con-boxed e-con e-parent\" data-id=\"0bd3727\" data-element_type=\"container\">\n\t\t\t\t\t<div class=\"e-con-inner\">\n\t\t\t\t<div class=\"elementor-element elementor-element-aadc1b8 elementor-widget-divider--view-line elementor-widget elementor-widget-divider\" data-id=\"aadc1b8\" data-element_type=\"widget\" data-widget_type=\"divider.default\">\n\t\t\t\t<div class=\"elementor-widget-container\">\n\t\t\t\t\t<div class=\"elementor-divider\">\n\t\t\t<span class=\"elementor-divider-separator\">\n\t\t\t\t\t\t<\/span>\n\t\t<\/div>\n\t\t\t\t<\/div>\n\t\t\t\t<\/div>\n\t\t\t\t<div class=\"elementor-element elementor-element-5e4eeae elementor-widget elementor-widget-text-editor\" data-id=\"5e4eeae\" data-element_type=\"widget\" data-widget_type=\"text-editor.default\">\n\t\t\t\t<div class=\"elementor-widget-container\">\n\t\t\t\t\t\t\t<h3>Pol\u00edticas y Condiciones de Hipstah<\/h3><p>Bienvenido a Hipstah. Nos comprometemos a ofrecerte productos de alta calidad y una experiencia de compra excepcional. A continuaci\u00f3n, encontrar\u00e1s nuestras pol\u00edticas y condiciones generales. Para m\u00e1s detalles, por favor revisa nuestras pol\u00edticas espec\u00edficas de env\u00edos y reembolsos.<\/p><h4>Pol\u00edtica de Env\u00edos<\/h4><p>Nuestro objetivo es que recibas tus productos lo m\u00e1s r\u00e1pido posible. Procesamos cada pedido en un plazo de 3 d\u00edas h\u00e1biles y ofrecemos opciones de env\u00edo a trav\u00e9s de FEDEX, DHL o Estafeta. Para m\u00e1s detalles sobre los tiempos de entrega y costos, por favor visita nuestra <a href=\"https:\/\/hipstah.com.mx\/turbulenceyburritaburrona\/politica-de-envios\/\" rel=\"noreferrer\">Pol\u00edtica de Env\u00edos<\/a>.<\/p><h4>Pol\u00edtica de Reembolsos<\/h4><p>Tu satisfacci\u00f3n es nuestra prioridad. Si no est\u00e1s completamente satisfecho con tu compra, ofrecemos una pol\u00edtica de reembolsos sencilla. Consulta nuestra <a href=\"https:\/\/hipstah.com.mx\/turbulenceyburritaburrona\/politica-de-devoluciones\/\" rel=\"noreferrer\">Pol\u00edtica de Reembolsos<\/a> para obtener informaci\u00f3n sobre los criterios de elegibilidad, el proceso de devoluci\u00f3n y los tiempos de reembolso.<\/p><h4>Pago y Seguridad<\/h4><p>Aceptamos m\u00faltiples formas de pago y garantizamos la seguridad de tus datos personales y financieros. Todo pedido requiere el pago total o parcial de las prendas solicitadas.<\/p><h4>Comunicaci\u00f3n con el Cliente<\/h4><p>Estamos comprometidos con la comunicaci\u00f3n total con nuestros clientes. Estaremos presentes en cada paso del proceso, desde la elecci\u00f3n del estampado y la talla hasta la entrega del producto final.<\/p><h4>Privacidad y Protecci\u00f3n de Datos<\/h4><p>Respetamos tu privacidad y nos comprometemos a proteger tu informaci\u00f3n personal. Para m\u00e1s detalles, por favor consulta nuestra <a href=\"https:\/\/hipstah.com.mx\/turbulenceyburritaburrona\/politica-de-privacidad\/\" rel=\"noreferrer\">Pol\u00edtica de Privacidad<\/a>.<\/p><h4>Cambios en las Pol\u00edticas<\/h4><p>Nos reservamos el derecho de modificar estas pol\u00edticas en cualquier momento. Cualquier cambio ser\u00e1 publicado en esta p\u00e1gina y entrar\u00e1 en vigencia inmediatamente.<\/p>\t\t\t\t\t\t<\/div>\n\t\t\t\t<\/div>\n\t\t\t\t\t<\/div>\n\t\t\t\t<\/div>\n\t\t\t\t<\/div>\n\t\t","protected":false},"excerpt":{"rendered":"<p>Pol\u00edticas y Condiciones de Hipstah Bienvenido a Hipstah. Nos comprometemos a ofrecerte productos de alta calidad y una experiencia de compra excepcional. A continuaci\u00f3n, encontrar\u00e1s nuestras pol\u00edticas y condiciones generales. Para m\u00e1s detalles, por favor revisa nuestras pol\u00edticas espec\u00edficas de env\u00edos y reembolsos. Pol\u00edtica de Env\u00edos Nuestro objetivo es que recibas tus productos lo m\u00e1s [&hellip;]<\/p>\n","protected":false},"author":2,"featured_media":0,"parent":0,"menu_order":0,"comment_status":"closed","ping_status":"closed","template":"elementor_header_footer","meta":{"footnotes":""},"class_list":["post-861","page","type-page","status-publish","hentry"],"_links":{"self":[{"href":"https:\/\/hipstah.com.mx\/turbulenceyburritaburrona\/wp-json\/wp\/v2\/pages\/861","targetHints":{"allow":["GET"]}}],"collection":[{"href":"https:\/\/hipstah.com.mx\/turbulenceyburritaburrona\/wp-json\/wp\/v2\/pages"}],"about":[{"href":"https:\/\/hipstah.com.mx\/turbulenceyburritaburrona\/wp-json\/wp\/v2\/types\/page"}],"author":[{"embeddable":true,"href":"https:\/\/hipstah.com.mx\/turbulenceyburritaburrona\/wp-json\/wp\/v2\/users\/2"}],"replies":[{"embeddable":true,"href":"https:\/\/hipstah.com.mx\/turbulenceyburritaburrona\/wp-json\/wp\/v2\/comments?post=861"}],"version-history":[{"count":7,"href":"https:\/\/hipstah.com.mx\/turbulenceyburritaburrona\/wp-json\/wp\/v2\/pages\/861\/revisions"}],"predecessor-version":[{"id":1009,"href":"https:\/\/hipstah.com.mx\/turbulenceyburritaburrona\/wp-json\/wp\/v2\/pages\/861\/revisions\/1009"}],"wp:attachment":[{"href":"https:\/\/hipstah.com.mx\/turbulenceyburritaburrona\/wp-json\/wp\/v2\/media?parent=861"}],"curies":[{"name":"wp","href":"https:\/\/api.w.org\/{rel}","templated":true}]}}