{"id":868,"date":"2024-07-07T01:03:12","date_gmt":"2024-07-07T07:03:12","guid":{"rendered":"https:\/\/hipstah.com.mx\/turbulenceyburritaburrona\/?page_id=868"},"modified":"2024-07-07T22:04:27","modified_gmt":"2024-07-08T04:04:27","slug":"politica-de-privacidad","status":"publish","type":"page","link":"https:\/\/hipstah.com.mx\/turbulenceyburritaburrona\/politica-de-privacidad\/","title":{"rendered":"POLITICA DE PRIVACIDAD"},"content":{"rendered":"\t\t<div data-elementor-type=\"wp-page\" data-elementor-id=\"868\" class=\"elementor elementor-868\" data-elementor-post-type=\"page\">\n\t\t\t\t<div class=\"elementor-element elementor-element-b5183b4 e-flex e-con-boxed e-con e-parent\" data-id=\"b5183b4\" data-element_type=\"container\">\n\t\t\t\t\t<div class=\"e-con-inner\">\n\t\t\t\t<div class=\"elementor-element elementor-element-0550386 elementor-widget elementor-widget-image\" data-id=\"0550386\" data-element_type=\"widget\" data-widget_type=\"image.default\">\n\t\t\t\t<div class=\"elementor-widget-container\">\n\t\t\t\t\t\t\t\t\t\t\t\t\t<img fetchpriority=\"high\" decoding=\"async\" width=\"700\" height=\"102\" src=\"https:\/\/hipstah.com.mx\/turbulenceyburritaburrona\/wp-content\/uploads\/2024\/07\/Recurso-7.png\" class=\"attachment-large size-large wp-image-234 wvs-archive-product-image\" alt=\"\" srcset=\"https:\/\/hipstah.com.mx\/turbulenceyburritaburrona\/wp-content\/uploads\/2024\/07\/Recurso-7.png 700w, https:\/\/hipstah.com.mx\/turbulenceyburritaburrona\/wp-content\/uploads\/2024\/07\/Recurso-7-470x68.png 470w, https:\/\/hipstah.com.mx\/turbulenceyburritaburrona\/wp-content\/uploads\/2024\/07\/Recurso-7-300x44.png 300w\" sizes=\"(max-width: 700px) 100vw, 700px\" \/>\t\t\t\t\t\t\t\t\t\t\t\t\t<\/div>\n\t\t\t\t<\/div>\n\t\t\t\t\t<\/div>\n\t\t\t\t<\/div>\n\t\t<div class=\"elementor-element elementor-element-fdacbe9 e-flex e-con-boxed e-con e-parent\" data-id=\"fdacbe9\" data-element_type=\"container\">\n\t\t\t\t\t<div class=\"e-con-inner\">\n\t\t\t\t<div class=\"elementor-element elementor-element-2762340 elementor-widget-divider--view-line elementor-widget elementor-widget-divider\" data-id=\"2762340\" data-element_type=\"widget\" data-widget_type=\"divider.default\">\n\t\t\t\t<div class=\"elementor-widget-container\">\n\t\t\t\t\t<div class=\"elementor-divider\">\n\t\t\t<span class=\"elementor-divider-separator\">\n\t\t\t\t\t\t<\/span>\n\t\t<\/div>\n\t\t\t\t<\/div>\n\t\t\t\t<\/div>\n\t\t\t\t\t<\/div>\n\t\t\t\t<\/div>\n\t\t<div class=\"elementor-element elementor-element-095a42f e-flex e-con-boxed e-con e-parent\" data-id=\"095a42f\" data-element_type=\"container\">\n\t\t\t\t\t<div class=\"e-con-inner\">\n\t\t\t\t<div class=\"elementor-element elementor-element-4c2eb02 elementor-widget elementor-widget-text-editor\" data-id=\"4c2eb02\" data-element_type=\"widget\" data-widget_type=\"text-editor.default\">\n\t\t\t\t<div class=\"elementor-widget-container\">\n\t\t\t\t\t\t\t<h3>Pol\u00edtica de Privacidad de HIPSTAH<\/h3><p>En HIPSTAH, respetamos y protegemos la privacidad de nuestros clientes. A continuaci\u00f3n, encontrar\u00e1 detalles sobre c\u00f3mo recopilamos, usamos y protegemos su informaci\u00f3n personal. Al utilizar nuestro sitio web, usted acepta los t\u00e9rminos de esta pol\u00edtica de privacidad.<\/p><h4>1. Informaci\u00f3n que Recopilamos<\/h4><p>Recopilamos varios tipos de informaci\u00f3n para proporcionar y mejorar nuestro servicio:<\/p><p><strong>Informaci\u00f3n Personal:<\/strong><\/p><ul><li>Nombre<\/li><li>Direcci\u00f3n de correo electr\u00f3nico<\/li><li>Direcci\u00f3n de env\u00edo y facturaci\u00f3n<\/li><li>N\u00famero de tel\u00e9fono<\/li><li>Informaci\u00f3n de pago (tarjeta de cr\u00e9dito\/d\u00e9bito, detalles de la cuenta bancaria)<\/li><\/ul><p><strong>Informaci\u00f3n No Personal:<\/strong><\/p><ul><li>Direcci\u00f3n IP<\/li><li>Datos de navegaci\u00f3n (tipo de navegador, p\u00e1ginas visitadas, tiempo en el sitio web)<\/li><li>Cookies y tecnolog\u00edas de seguimiento similares<\/li><\/ul><h4>2. Uso de la Informaci\u00f3n<\/h4><p>Utilizamos la informaci\u00f3n que recopilamos para los siguientes fines:<\/p><ul><li>Procesar y gestionar sus pedidos<\/li><li>Comunicarnos con usted acerca de su pedido, incluyendo confirmaciones y actualizaciones<\/li><li>Proporcionar atenci\u00f3n al cliente y soporte t\u00e9cnico<\/li><li>Enviar boletines informativos, promociones y actualizaciones, siempre que haya dado su consentimiento<\/li><li>Mejorar nuestro sitio web y servicios a trav\u00e9s del an\u00e1lisis de datos de navegaci\u00f3n<\/li><li>Cumplir con obligaciones legales y regulatorias<\/li><\/ul><h4>3. Protecci\u00f3n de la Informaci\u00f3n<\/h4><p>Implementamos medidas de seguridad para proteger su informaci\u00f3n personal contra el acceso no autorizado, alteraci\u00f3n, divulgaci\u00f3n o destrucci\u00f3n. Estas medidas incluyen:<\/p><ul><li>Cifrado SSL para proteger la transmisi\u00f3n de datos sensibles<\/li><li>Almacenamiento seguro de informaci\u00f3n en servidores protegidos<\/li><li>Restricci\u00f3n de acceso a la informaci\u00f3n personal a empleados autorizados<\/li><\/ul><h4>4. Compartir la Informaci\u00f3n<\/h4><p>No vendemos, intercambiamos ni transferimos su informaci\u00f3n personal a terceros sin su consentimiento, excepto en las siguientes circunstancias:<\/p><ul><li>Proveedores de servicios que nos ayudan a operar nuestro sitio web y procesar pedidos, siempre y cuando acuerden mantener esta informaci\u00f3n confidencial<\/li><li>Cumplimiento de la ley, cuando sea requerido para responder a una citaci\u00f3n, orden judicial o proceso legal<\/li><li>Protecci\u00f3n de los derechos, propiedad o seguridad de HIPSTAH, nuestros clientes u otros<\/li><\/ul><h4>5. Cookies y Tecnolog\u00edas de Seguimiento<\/h4><p>Utilizamos cookies y tecnolog\u00edas de seguimiento similares para mejorar su experiencia en nuestro sitio web. Las cookies son peque\u00f1os archivos que un sitio o su proveedor de servicios transfiere a su disco duro a trav\u00e9s de su navegador web. Utilizamos cookies para:<\/p><ul><li>Recordar y procesar los art\u00edculos en su carrito de compras<\/li><li>Comprender y guardar sus preferencias para futuras visitas<\/li><li>Realizar un seguimiento de los anuncios y analizar datos sobre el tr\u00e1fico del sitio web<\/li><\/ul><p>Puede optar por desactivar las cookies a trav\u00e9s de la configuraci\u00f3n de su navegador. Sin embargo, esto puede afectar su experiencia en nuestro sitio web.<\/p><h4>6. Widgets Integrados<\/h4><p>Algunos de nuestros plugins tienen funciones para integrar widgets incrustados de terceros (como los botones oficiales de Me gusta y Recomendar de Facebook, y el bot\u00f3n de Tweet de Twitter). Estos widgets pueden recopilar datos directamente desde su navegador.<\/p><h4>7. APIs y Conexiones de Terceros<\/h4><p>Nuestros plugins env\u00edan solicitudes a las APIs de terceros a trav\u00e9s del navegador del visitante del sitio web para obtener informaci\u00f3n (como el conteo de compartidos en redes sociales, el conteo de comentarios sociales). Esta solicitud realizada por el navegador puede incluir la direcci\u00f3n IP, la cual puede ser vista por la tercera parte de la que se solicita. Esta solicitud API no incluye ning\u00fan dato personal del usuario del sitio web aparte de la direcci\u00f3n IP.<\/p><h4>8. Almacenamiento de Datos<\/h4><p>No almacenamos ning\u00fan dato obtenido por nuestros plugins en nuestros servidores, ni compartimos esos datos con terceros. Nuestros plugins funcionan completamente en su sitio web y almacenan los datos en la base de datos de su sitio web.<\/p><h4>9. Carga de Scripts Externos<\/h4><p>Como se mencion\u00f3 antes, nuestros plugins funcionan completamente desde su sitio web y cargan scripts tambi\u00e9n desde su sitio web con la excepci\u00f3n de widgets incrustados de terceros (como el bot\u00f3n oficial de Me gusta\/Recomendar de Facebook, el bot\u00f3n oficial de Tweet de Twitter, y los comentarios de Facebook) que requieren que nuestro plugin cargue scripts desde los servidores del servicio relevante. Puede incluir fragmentos relevantes en la Pol\u00edtica de Privacidad de su sitio web indicando c\u00f3mo estos servicios manejan la privacidad de sus usuarios.<\/p><h4>10. Login Social<\/h4><p>Si est\u00e1 utilizando la funci\u00f3n de login social de nuestro plugin Super Socializer, puede agregar lo siguiente en la pol\u00edtica de privacidad de su sitio web:<\/p><p>Recopilamos sus datos de perfil p\u00fablico solo con su consentimiento que otorga antes de iniciar el login social, desde la red social utilizada para iniciar sesi\u00f3n en nuestro sitio web. Estos datos incluyen su nombre, apellido, direcci\u00f3n de correo electr\u00f3nico, enlace a su perfil de red social, identificador \u00fanico, enlace al avatar de su perfil social o el avatar de su perfil social en el caso de login con Facebook y LinkedIn. Estos datos se utilizan para crear su perfil de usuario en nuestro sitio web. Puede revocar este consentimiento en cualquier momento desde su p\u00e1gina de perfil en nuestro sitio web o envi\u00e1ndonos un correo electr\u00f3nico.<\/p><h4>11. Sus Derechos<\/h4><p>Usted tiene el derecho a acceder, corregir o eliminar su informaci\u00f3n personal. Para ejercer estos derechos, por favor cont\u00e1ctenos en {email address}. Responderemos a sus solicitudes dentro de un tiempo razonable y de acuerdo con las leyes aplicables.<\/p><h4>12. Cambios en la Pol\u00edtica de Privacidad<\/h4><p>Nos reservamos el derecho de actualizar o cambiar nuestra pol\u00edtica de privacidad en cualquier momento. Cualquier cambio en la pol\u00edtica se reflejar\u00e1 en esta p\u00e1gina y, si los cambios son significativos, le notificaremos por correo electr\u00f3nico o mediante un aviso en nuestro sitio web.<\/p><h4>13. Contacto<\/h4><p>Si tiene alguna pregunta o inquietud sobre nuestra pol\u00edtica de privacidad, no dude en ponerse en contacto con nosotros en:<\/p><p>HIPSTAH Av. 20 de Noviembre 533, Los \u00c1ngeles, 91040 Xalapa-Enr\u00edquez, Ver.<\/p><p>Correo electr\u00f3nico: contacto@hipstah.com.mx<\/p><p>Tel\u00e9fono: 2282998663<\/p><p><strong>\u00daltima actualizaci\u00f3n:<\/strong> 7 de Julio del 2024<\/p>\t\t\t\t\t\t<\/div>\n\t\t\t\t<\/div>\n\t\t\t\t\t<\/div>\n\t\t\t\t<\/div>\n\t\t\t\t<\/div>\n\t\t","protected":false},"excerpt":{"rendered":"<p>Pol\u00edtica de Privacidad de HIPSTAH En HIPSTAH, respetamos y protegemos la privacidad de nuestros clientes. A continuaci\u00f3n, encontrar\u00e1 detalles sobre c\u00f3mo recopilamos, usamos y protegemos su informaci\u00f3n personal. Al utilizar nuestro sitio web, usted acepta los t\u00e9rminos de esta pol\u00edtica de privacidad. 1. Informaci\u00f3n que Recopilamos Recopilamos varios tipos de informaci\u00f3n para proporcionar y mejorar [&hellip;]<\/p>\n","protected":false},"author":2,"featured_media":0,"parent":0,"menu_order":0,"comment_status":"closed","ping_status":"closed","template":"elementor_header_footer","meta":{"footnotes":""},"class_list":["post-868","page","type-page","status-publish","hentry"],"_links":{"self":[{"href":"https:\/\/hipstah.com.mx\/turbulenceyburritaburrona\/wp-json\/wp\/v2\/pages\/868","targetHints":{"allow":["GET"]}}],"collection":[{"href":"https:\/\/hipstah.com.mx\/turbulenceyburritaburrona\/wp-json\/wp\/v2\/pages"}],"about":[{"href":"https:\/\/hipstah.com.mx\/turbulenceyburritaburrona\/wp-json\/wp\/v2\/types\/page"}],"author":[{"embeddable":true,"href":"https:\/\/hipstah.com.mx\/turbulenceyburritaburrona\/wp-json\/wp\/v2\/users\/2"}],"replies":[{"embeddable":true,"href":"https:\/\/hipstah.com.mx\/turbulenceyburritaburrona\/wp-json\/wp\/v2\/comments?post=868"}],"version-history":[{"count":10,"href":"https:\/\/hipstah.com.mx\/turbulenceyburritaburrona\/wp-json\/wp\/v2\/pages\/868\/revisions"}],"predecessor-version":[{"id":1012,"href":"https:\/\/hipstah.com.mx\/turbulenceyburritaburrona\/wp-json\/wp\/v2\/pages\/868\/revisions\/1012"}],"wp:attachment":[{"href":"https:\/\/hipstah.com.mx\/turbulenceyburritaburrona\/wp-json\/wp\/v2\/media?parent=868"}],"curies":[{"name":"wp","href":"https:\/\/api.w.org\/{rel}","templated":true}]}}