{"id":2785,"date":"2024-11-11T20:44:47","date_gmt":"2024-11-12T02:44:47","guid":{"rendered":"https:\/\/hipstah.com.mx\/turbulenceyburritaburrona\/?post_type=product&#038;p=2785"},"modified":"2024-11-14T01:11:01","modified_gmt":"2024-11-14T07:11:01","slug":"sueter-navideno","status":"publish","type":"product","link":"https:\/\/hipstah.com.mx\/turbulenceyburritaburrona\/producto\/sueter-navideno\/","title":{"rendered":"Su\u00e9ter Navide\u00f1o Pi\u00f1ata"},"content":{"rendered":"<p>\ud83c\udf84\u2728 \u00a1Este su\u00e9ter navide\u00f1o de <em>Las Amponas<\/em> es pura magia drag navide\u00f1a! \ud83c\udf81\ud83d\udc83\ud83d\udc85 \u00bfEst\u00e1s list@ para llevar el glam navide\u00f1o al siguiente nivel? Con dise\u00f1o exclusivo de nuestras reinas Turbulence y Burrita Burrona, \u00a1lucir\u00e1s tan ic\u00f3nic@ como ellas en sus shows! Perfecto para el clima fr\u00edo, pero lo suficientemente caliente para derretir el hielo de cualquier posada. \ud83e\udd29\u2764\ufe0f \u00a1Cons\u00edguelo y \u00fanete al clan m\u00e1s ampon!<\/p>\n","protected":false},"excerpt":{"rendered":"<p>\u00a1Este su\u00e9ter navide\u00f1o de <em>Las Amponas<\/em> es pura magia drag navide\u00f1a!<\/p>\n","protected":false},"featured_media":3335,"comment_status":"open","ping_status":"closed","template":"","meta":[],"product_cat":[69],"product_tag":[],"class_list":{"0":"post-2785","1":"product","2":"type-product","3":"status-publish","4":"has-post-thumbnail","6":"product_cat-sueter","7":"pa_talla-ch","8":"pa_talla-m","9":"pa_talla-g","10":"pa_talla-xg","12":"first","13":"instock","14":"shipping-taxable","15":"purchasable","16":"product-type-variable","17":"wvs-archive-product-wrapper"},"_links":{"self":[{"href":"https:\/\/hipstah.com.mx\/turbulenceyburritaburrona\/wp-json\/wp\/v2\/product\/2785","targetHints":{"allow":["GET"]}}],"collection":[{"href":"https:\/\/hipstah.com.mx\/turbulenceyburritaburrona\/wp-json\/wp\/v2\/product"}],"about":[{"href":"https:\/\/hipstah.com.mx\/turbulenceyburritaburrona\/wp-json\/wp\/v2\/types\/product"}],"replies":[{"embeddable":true,"href":"https:\/\/hipstah.com.mx\/turbulenceyburritaburrona\/wp-json\/wp\/v2\/comments?post=2785"}],"version-history":[{"count":4,"href":"https:\/\/hipstah.com.mx\/turbulenceyburritaburrona\/wp-json\/wp\/v2\/product\/2785\/revisions"}],"predecessor-version":[{"id":3390,"href":"https:\/\/hipstah.com.mx\/turbulenceyburritaburrona\/wp-json\/wp\/v2\/product\/2785\/revisions\/3390"}],"wp:featuredmedia":[{"embeddable":true,"href":"https:\/\/hipstah.com.mx\/turbulenceyburritaburrona\/wp-json\/wp\/v2\/media\/3335"}],"wp:attachment":[{"href":"https:\/\/hipstah.com.mx\/turbulenceyburritaburrona\/wp-json\/wp\/v2\/media?parent=2785"}],"wp:term":[{"taxonomy":"product_cat","embeddable":true,"href":"https:\/\/hipstah.com.mx\/turbulenceyburritaburrona\/wp-json\/wp\/v2\/product_cat?post=2785"},{"taxonomy":"product_tag","embeddable":true,"href":"https:\/\/hipstah.com.mx\/turbulenceyburritaburrona\/wp-json\/wp\/v2\/product_tag?post=2785"}],"curies":[{"name":"wp","href":"https:\/\/api.w.org\/{rel}","templated":true}]}}