{"id":3346,"date":"2024-11-13T23:37:05","date_gmt":"2024-11-14T05:37:05","guid":{"rendered":"https:\/\/hipstah.com.mx\/turbulenceyburritaburrona\/?post_type=product&#038;p=3346"},"modified":"2024-11-14T01:29:37","modified_gmt":"2024-11-14T07:29:37","slug":"tenis-amponas","status":"publish","type":"product","link":"https:\/\/hipstah.com.mx\/turbulenceyburritaburrona\/producto\/tenis-amponas\/","title":{"rendered":"Tenis Amponas"},"content":{"rendered":"<p>\u00a1Llegaron los tenis m\u00e1s ampones para que lleves el estilo de Turbulence y Burrita Burrona de pies a cabeza! \ud83d\udca5\ud83d\udc5f Con un dise\u00f1o atrevido y \u00fanico, estos tenis est\u00e1n listos para darle ese toque extra de saz\u00f3n y ciza\u00f1a a tu look. Perfectos para quienes no le tienen miedo al show y quieren ser las estrellas de cualquier lugar. \u00a1Atr\u00e9vete a pisar fuerte con la esencia de Las Amponas y haz que cada paso cuente! \ud83d\udc60\u2728<\/p>\n","protected":false},"excerpt":{"rendered":"<p>\u00a1Llegaron los tenis m\u00e1s ampones para que lleves el estilo de Turbulence y Burrita Burrona de pies a cabeza!<\/p>\n","protected":false},"featured_media":3348,"comment_status":"open","ping_status":"closed","template":"","meta":[],"product_cat":[70],"product_tag":[],"class_list":{"0":"post-3346","1":"product","2":"type-product","3":"status-publish","4":"has-post-thumbnail","6":"product_cat-tenis","8":"first","9":"instock","10":"shipping-taxable","11":"purchasable","12":"product-type-variable","13":"wvs-archive-product-wrapper"},"_links":{"self":[{"href":"https:\/\/hipstah.com.mx\/turbulenceyburritaburrona\/wp-json\/wp\/v2\/product\/3346","targetHints":{"allow":["GET"]}}],"collection":[{"href":"https:\/\/hipstah.com.mx\/turbulenceyburritaburrona\/wp-json\/wp\/v2\/product"}],"about":[{"href":"https:\/\/hipstah.com.mx\/turbulenceyburritaburrona\/wp-json\/wp\/v2\/types\/product"}],"replies":[{"embeddable":true,"href":"https:\/\/hipstah.com.mx\/turbulenceyburritaburrona\/wp-json\/wp\/v2\/comments?post=3346"}],"version-history":[{"count":3,"href":"https:\/\/hipstah.com.mx\/turbulenceyburritaburrona\/wp-json\/wp\/v2\/product\/3346\/revisions"}],"predecessor-version":[{"id":3388,"href":"https:\/\/hipstah.com.mx\/turbulenceyburritaburrona\/wp-json\/wp\/v2\/product\/3346\/revisions\/3388"}],"wp:featuredmedia":[{"embeddable":true,"href":"https:\/\/hipstah.com.mx\/turbulenceyburritaburrona\/wp-json\/wp\/v2\/media\/3348"}],"wp:attachment":[{"href":"https:\/\/hipstah.com.mx\/turbulenceyburritaburrona\/wp-json\/wp\/v2\/media?parent=3346"}],"wp:term":[{"taxonomy":"product_cat","embeddable":true,"href":"https:\/\/hipstah.com.mx\/turbulenceyburritaburrona\/wp-json\/wp\/v2\/product_cat?post=3346"},{"taxonomy":"product_tag","embeddable":true,"href":"https:\/\/hipstah.com.mx\/turbulenceyburritaburrona\/wp-json\/wp\/v2\/product_tag?post=3346"}],"curies":[{"name":"wp","href":"https:\/\/api.w.org\/{rel}","templated":true}]}}